{"id":2237,"date":"2018-10-25T21:20:38","date_gmt":"2018-10-25T21:20:38","guid":{"rendered":"https:\/\/irontechdoo.net\/proizvodi\/11_0625l-c\/"},"modified":"2018-10-25T21:20:38","modified_gmt":"2018-10-25T21:20:38","slug":"11_0625l-c","status":"publish","type":"product","link":"https:\/\/irontechdoo.net\/en\/proizvodi\/11_0625l-c\/","title":{"rendered":"11_0625L\/C"},"content":{"rendered":"","protected":false},"excerpt":{"rendered":"<p>Parapet in concrete, available in various versions of \u00d825mm and \u00d840mm extension with kavalot (used for pipe \u00d833.7mm as protection) and with L (used with wooden plates as protection).<\/p>\n<table id=\"karakteristike\">\n<tbody>\n<tr>\n<th colspan=\"2\">CHARACTERISTICS:<\/th>\n<\/tr>\n<tr>\n<td><strong>EQUIPMENT DIAGRAM:<\/strong><\/td>\n<td>\u00d820mm &#8211; \u00d840mm<\/td>\n<\/tr>\n<tr>\n<td><strong>EFFICIENT HEIGHT:<\/strong><\/td>\n<td>MH06L:105cm<br \/>\nMH06C:103cm<\/td>\n<\/tr>\n<tr>\n<td><strong>MAXIMUM EXTRACT:<\/strong><\/td>\n<td>MH06L:140cm<br \/>\nMH06C:220cm<\/td>\n<\/tr>\n<tr>\n<td><strong>CARRIERS:<\/strong><\/td>\n<td>Boards \/ pipes<\/td>\n<\/tr>\n<tr>\n<td><strong>PROTECTION:<\/strong><\/td>\n<td>cold or hot zinc<\/td>\n<\/tr>\n<\/tbody>\n<\/table>\n","protected":false},"featured_media":0,"template":"","meta":[],"product_cat":[47],"product_tag":[],"_links":{"self":[{"href":"https:\/\/irontechdoo.net\/en\/wp-json\/wp\/v2\/product\/2237"}],"collection":[{"href":"https:\/\/irontechdoo.net\/en\/wp-json\/wp\/v2\/product"}],"about":[{"href":"https:\/\/irontechdoo.net\/en\/wp-json\/wp\/v2\/types\/product"}],"wp:attachment":[{"href":"https:\/\/irontechdoo.net\/en\/wp-json\/wp\/v2\/media?parent=2237"}],"wp:term":[{"taxonomy":"product_cat","embeddable":true,"href":"https:\/\/irontechdoo.net\/en\/wp-json\/wp\/v2\/product_cat?post=2237"},{"taxonomy":"product_tag","embeddable":true,"href":"https:\/\/irontechdoo.net\/en\/wp-json\/wp\/v2\/product_tag?post=2237"}],"curies":[{"name":"wp","href":"https:\/\/api.w.org\/{rel}","templated":true}]}}